{"id":427,"date":"2025-05-02T10:22:10","date_gmt":"2025-05-02T08:22:10","guid":{"rendered":"https:\/\/b2b.interi.vision\/?page_id=427"},"modified":"2025-05-12T18:18:27","modified_gmt":"2025-05-12T16:18:27","slug":"partnerprogramm-20250426","status":"publish","type":"page","link":"https:\/\/b2b.interi.vision\/de\/partnerprogramm-20250426\/","title":{"rendered":"Teilnahmebedingungen f\u00fcr das INTERI.VISION Partnerprogramm (B2B)"},"content":{"rendered":"\t\t<div data-elementor-type=\"wp-page\" data-elementor-id=\"427\" class=\"elementor elementor-427\" data-elementor-post-type=\"page\">\n\t\t\t\t<div class=\"elementor-element elementor-element-d696fb8 e-flex e-con-boxed e-con e-parent\" data-id=\"d696fb8\" data-element_type=\"container\" data-e-type=\"container\">\n\t\t\t\t\t<div class=\"e-con-inner\">\n\t\t\t\t<div class=\"elementor-element elementor-element-60c94b3 elementor-widget elementor-widget-heading\" data-id=\"60c94b3\" data-element_type=\"widget\" data-e-type=\"widget\" data-widget_type=\"heading.default\">\n\t\t\t\t<div class=\"elementor-widget-container\">\n\t\t\t\t\t<h1 class=\"elementor-heading-title elementor-size-default\">Teilnahmebedingungen f\u00fcr das INTERI.VISION Partnerprogramm (B2B)<\/h1>\t\t\t\t<\/div>\n\t\t\t\t<\/div>\n\t\t\t\t<div class=\"elementor-element elementor-element-773c3cf elementor-widget elementor-widget-text-editor\" data-id=\"773c3cf\" data-element_type=\"widget\" data-e-type=\"widget\" data-widget_type=\"text-editor.default\">\n\t\t\t\t<div class=\"elementor-widget-container\">\n\t\t\t\t\t\t\t\t\t<div class=\"wp-block-woocommerce-memberships-member-content\"><\/div><div class=\"wp-block-woocommerce-memberships-non-member-content\"><br \/>Diese Inhalte sind ausschlie\u00dflich f\u00fcr registrierte Gesch\u00e4ftskunden zug\u00e4nglich.<\/div><div class=\"wp-block-woocommerce-memberships-non-member-content\">Bitte logge dich ein, um die Teilnahmebedingungen und deine aktuellen Rabattkonditionen einzusehen.<p><a href=\"https:\/\/b2b.interi.vision\/de\/anmelden\/\">Jetzt einloggen<\/a><\/p><p>Du bist noch kein Partner?<br \/>Erfahre mehr \u00fcber unser B2B-Angebot unter <a class=\"\" href=\"https:\/\/www.b2b.interi.vision\">b2b.interi.vision<\/a><\/p><pre><\/pre><\/div>\t\t\t\t\t\t\t\t<\/div>\n\t\t\t\t<\/div>\n\t\t\t\t\t<\/div>\n\t\t\t\t<\/div>\n\t\t\t\t<\/div>\n\t\t","protected":false},"excerpt":{"rendered":"<p>Teilnahmebedingungen f\u00fcr das INTERI.VISION Partnerprogramm (B2B)<\/p>\n","protected":false},"author":1,"featured_media":0,"parent":0,"menu_order":0,"comment_status":"closed","ping_status":"closed","template":"","meta":{"footnotes":""},"class_list":["post-427","page","type-page","status-publish","hentry"],"_links":{"self":[{"href":"https:\/\/b2b.interi.vision\/de\/wp-json\/wp\/v2\/pages\/427","targetHints":{"allow":["GET"]}}],"collection":[{"href":"https:\/\/b2b.interi.vision\/de\/wp-json\/wp\/v2\/pages"}],"about":[{"href":"https:\/\/b2b.interi.vision\/de\/wp-json\/wp\/v2\/types\/page"}],"author":[{"embeddable":true,"href":"https:\/\/b2b.interi.vision\/de\/wp-json\/wp\/v2\/users\/1"}],"replies":[{"embeddable":true,"href":"https:\/\/b2b.interi.vision\/de\/wp-json\/wp\/v2\/comments?post=427"}],"version-history":[{"count":32,"href":"https:\/\/b2b.interi.vision\/de\/wp-json\/wp\/v2\/pages\/427\/revisions"}],"predecessor-version":[{"id":906,"href":"https:\/\/b2b.interi.vision\/de\/wp-json\/wp\/v2\/pages\/427\/revisions\/906"}],"wp:attachment":[{"href":"https:\/\/b2b.interi.vision\/de\/wp-json\/wp\/v2\/media?parent=427"}],"curies":[{"name":"wp","href":"https:\/\/api.w.org\/{rel}","templated":true}]}}